{"id":2,"date":"2025-08-02T13:38:34","date_gmt":"2025-08-02T13:38:34","guid":{"rendered":"http:\/\/roaprocoinsa.es\/\/?page_id=2"},"modified":"2025-08-04T14:17:03","modified_gmt":"2025-08-04T14:17:03","slug":"sample-page","status":"publish","type":"page","link":"https:\/\/roaprocoinsa.es\/","title":{"rendered":"Qui\u00e9nes somos"},"content":{"rendered":"<p style=\"text-align: justify;\"> R.O.A. Procoinsa S.L. fu\u00e9 creada en 1965, convirti\u00e9ndose en la empresa pionera de la descongesti\u00f3n industrial de Madrid, promocionando en sus pol\u00edgonos una superficie superior a 1.000 Ha. y consiguiendo ubicar en las mismas nada menos que 14.500 viviendas y 1.250 empresas e industrias en la que trabajan hoy d\u00eda unas 100.000 personas.<br><br>Gracias a esta ingente labor adquiri\u00f3 gran experencia, que unida a la garant\u00eda de su comercializadora&nbsp;<strong><em>El Conjunto Tur\u00edstico, Cultural y Gastron\u00f3mico \u00abLa Casa Grande\u00bb&nbsp;<\/em><\/strong>de Torrej\u00f3n de Ardoz extiende ahora sus actividades hacia Andaluc\u00eda con la construcci\u00f3n y explotaci\u00f3n de 3 magn\u00edficas Residencias de Mayores, adem\u00e1s del mas completo y lujoso Conjunto Residencial de La Costa del Sol, constituido por 40 viviendas de lujo y 98 apartamentos con amplias zonas verdes, de ocio y deportes.<br><br>Tambi\u00e9n pose\u00e9 parcelas urbanizadas en ventas para poder edificar.<br>No dude en solicitarnos mas informaci\u00f3n sobre los precios \u00f3 cualquier otra informaci\u00f3n que precise.<br><br>\u00a1LES ESPERAMOS!<br><br><\/p>\n\n\n<p><\/p>\n","protected":false},"excerpt":{"rendered":"<p>R.O.A. Procoinsa S.L. fu\u00e9 creada en 1965, convirti\u00e9ndose en la empresa pionera de la descongesti\u00f3n industrial de Madrid, promocionando en sus pol\u00edgonos una superficie superior a 1.000 Ha. y consiguiendo ubicar en las mismas nada menos que 14.500 viviendas y 1.250 empresas e industrias en la que trabajan hoy d\u00eda unas 100.000 personas. Gracias a [&hellip;]<\/p>\n","protected":false},"author":1,"featured_media":0,"parent":0,"menu_order":0,"comment_status":"closed","ping_status":"open","template":"","meta":{"footnotes":""},"class_list":["post-2","page","type-page","status-publish","hentry"],"_links":{"self":[{"href":"https:\/\/roaprocoinsa.es\/index.php\/wp-json\/wp\/v2\/pages\/2","targetHints":{"allow":["GET"]}}],"collection":[{"href":"https:\/\/roaprocoinsa.es\/index.php\/wp-json\/wp\/v2\/pages"}],"about":[{"href":"https:\/\/roaprocoinsa.es\/index.php\/wp-json\/wp\/v2\/types\/page"}],"author":[{"embeddable":true,"href":"https:\/\/roaprocoinsa.es\/index.php\/wp-json\/wp\/v2\/users\/1"}],"replies":[{"embeddable":true,"href":"https:\/\/roaprocoinsa.es\/index.php\/wp-json\/wp\/v2\/comments?post=2"}],"version-history":[{"count":7,"href":"https:\/\/roaprocoinsa.es\/index.php\/wp-json\/wp\/v2\/pages\/2\/revisions"}],"predecessor-version":[{"id":84,"href":"https:\/\/roaprocoinsa.es\/index.php\/wp-json\/wp\/v2\/pages\/2\/revisions\/84"}],"wp:attachment":[{"href":"https:\/\/roaprocoinsa.es\/index.php\/wp-json\/wp\/v2\/media?parent=2"}],"curies":[{"name":"wp","href":"https:\/\/api.w.org\/{rel}","templated":true}]}}