{"id":15,"date":"2025-08-02T14:04:20","date_gmt":"2025-08-02T14:04:20","guid":{"rendered":"http:\/\/roaprocoinsa.es\/?page_id=15"},"modified":"2025-08-04T14:37:15","modified_gmt":"2025-08-04T14:37:15","slug":"contacto","status":"publish","type":"page","link":"http:\/\/roaprocoinsa.es\/index.php\/contacto","title":{"rendered":"Contacto"},"content":{"rendered":"\n<p>Le agradecemos el inter\u00e9s por nuestra empresa y esperamos que desee entrar en contacto con nosotros.<\/p>\n\n\n\n<p>Por nuestra parte, le ofrecemos distintas posibilidades de ponerse en contacto: tel\u00e9fono, fax, correo electr\u00f3nico o a trav\u00e9s de nuestro formulario de contacto.<\/p>\n\n\n\n<div class=\"wp-block-columns is-layout-flex wp-container-core-columns-is-layout-28f84493 wp-block-columns-is-layout-flex\">\n<div class=\"wp-block-column is-layout-flow wp-block-column-is-layout-flow\">\n<iframe src=\"https:\/\/www.google.com\/maps\/embed?pb=!1m18!1m12!1m3!1d945.6007965032628!2d-5.025028007095477!3d36.47276288389724!2m3!1f0!2f0!3f0!3m2!1i1024!2i768!4f13.1!3m3!1m2!1s0xd732af0bd2e5beb%3A0x1398b4a3d54e75fd!2sEl%20Campanario%20del%20Paraiso!5e1!3m2!1ses!2ses!4v1754318037144!5m2!1ses!2ses\" width=\"300\" height=\"225\" style=\"border:0;\" allowfullscreen=\"\" loading=\"lazy\" referrerpolicy=\"no-referrer-when-downgrade\"><\/iframe>\n\n<\/div>\n\n\n\n<div class=\"wp-block-column is-vertically-aligned-center is-layout-flow wp-block-column-is-layout-flow\">\n<p><strong>Urb. El Campanario del Para\u00edso<\/strong><br>c\/ Caserio 4<br>29680 Estepona &#8211; M\u00e1laga<\/p>\n\n\n\n<p><strong>info@roaprocoinsa.es<\/strong><\/p>\n<\/div>\n<\/div>\n","protected":false},"excerpt":{"rendered":"<p>Le agradecemos el inter\u00e9s por nuestra empresa y esperamos que desee entrar en contacto con nosotros. Por nuestra parte, le ofrecemos distintas posibilidades de ponerse en contacto: tel\u00e9fono, fax, correo electr\u00f3nico o a trav\u00e9s de nuestro formulario de contacto. Urb. El Campanario del Para\u00edsoc\/ Caserio 429680 Estepona &#8211; M\u00e1laga info@roaprocoinsa.es<\/p>\n","protected":false},"author":1,"featured_media":0,"parent":0,"menu_order":0,"comment_status":"closed","ping_status":"closed","template":"","meta":{"footnotes":""},"class_list":["post-15","page","type-page","status-publish","hentry"],"_links":{"self":[{"href":"http:\/\/roaprocoinsa.es\/index.php\/wp-json\/wp\/v2\/pages\/15","targetHints":{"allow":["GET"]}}],"collection":[{"href":"http:\/\/roaprocoinsa.es\/index.php\/wp-json\/wp\/v2\/pages"}],"about":[{"href":"http:\/\/roaprocoinsa.es\/index.php\/wp-json\/wp\/v2\/types\/page"}],"author":[{"embeddable":true,"href":"http:\/\/roaprocoinsa.es\/index.php\/wp-json\/wp\/v2\/users\/1"}],"replies":[{"embeddable":true,"href":"http:\/\/roaprocoinsa.es\/index.php\/wp-json\/wp\/v2\/comments?post=15"}],"version-history":[{"count":3,"href":"http:\/\/roaprocoinsa.es\/index.php\/wp-json\/wp\/v2\/pages\/15\/revisions"}],"predecessor-version":[{"id":92,"href":"http:\/\/roaprocoinsa.es\/index.php\/wp-json\/wp\/v2\/pages\/15\/revisions\/92"}],"wp:attachment":[{"href":"http:\/\/roaprocoinsa.es\/index.php\/wp-json\/wp\/v2\/media?parent=15"}],"curies":[{"name":"wp","href":"https:\/\/api.w.org\/{rel}","templated":true}]}}