{"id":12,"date":"2025-08-02T14:04:20","date_gmt":"2025-08-02T14:04:20","guid":{"rendered":"http:\/\/roaprocoinsa.es\/?page_id=12"},"modified":"2025-08-04T14:28:29","modified_gmt":"2025-08-04T14:28:29","slug":"residencia-de-mayores-baena","status":"publish","type":"page","link":"http:\/\/roaprocoinsa.es\/index.php\/residencia-de-mayores-baena","title":{"rendered":"Residencia de mayores Baena, C\u00f3rdoba"},"content":{"rendered":"\n<div class=\"wp-block-columns is-layout-flex wp-container-core-columns-is-layout-28f84493 wp-block-columns-is-layout-flex\">\n<div class=\"wp-block-column element.style {  padding-top: 0; padding-bottom: 0); } is-layout-flow wp-block-column-is-layout-flow\" style=\"flex-basis:66.66%\">\n<figure class=\"wp-block-image aligncenter size-full\"><img decoding=\"async\" src=\"http:\/\/roaprocoinsa.es\/wp-content\/uploads\/2025\/08\/ResidenciaBaena.gif\" alt=\"\" class=\"wp-image-49\"\/><\/figure>\n<\/div>\n\n\n\n<div class=\"wp-block-column is-layout-flow wp-block-column-is-layout-flow\" style=\"flex-basis:33.33%\">\n<figure class=\"wp-block-image aligncenter size-full\"><img loading=\"lazy\" decoding=\"async\" width=\"846\" height=\"948\" src=\"http:\/\/roaprocoinsa.es\/wp-content\/uploads\/2025\/08\/residenciabaena066.jpg\" alt=\"\" class=\"wp-image-51\" srcset=\"http:\/\/roaprocoinsa.es\/wp-content\/uploads\/2025\/08\/residenciabaena066.jpg 846w, http:\/\/roaprocoinsa.es\/wp-content\/uploads\/2025\/08\/residenciabaena066-268x300.jpg 268w, http:\/\/roaprocoinsa.es\/wp-content\/uploads\/2025\/08\/residenciabaena066-768x861.jpg 768w\" sizes=\"auto, (max-width: 846px) 100vw, 846px\" \/><\/figure>\n<\/div>\n<\/div>\n\n\n\n<h2 class=\"wp-block-heading element.style {  padding-top: 0; padding-bottom: var(--wp--preset--spacing--60); }\">Residencia de Mayores \u00abLa Casa Grande\u00bb<a href=\"..\/..\/images\/fachadaposteriorbaenacop.gif\" target=\"_blank\" rel=\"noreferrer noopener\"><\/a><\/h2>\n\n\n\n<h3 class=\"wp-block-heading\"><\/h3>\n\n\n<p style=\"text-align: justify;\"> Inaugurada en Marzo de 2.006, esta considerada como una de las m\u00e1s completas y lujosas de las Residencias Geri\u00e1tricas de la provincia de C\u00f3rdoba. Situada en el centro geogr\u00e1fico de Andaluc\u00eda en plena ruta del Califato entre C\u00f3rdoba y Granada.<br><br>A los seis meses de su apertura, se han visto sobrepasadas todas las previsiones de ingreso de clientes, los cuales ya llenan sus 106 plazas de capacidad total.<\/p>\n\n\n<h2 class=\"wp-block-heading\"><a><\/a>El \u00e9xito alcanzado por esta Residencia se debe a:<\/h2>\n\n\n<p style=\"text-align: justify;\">Amplios dormitorios, compuestos por suites, habitaciones dobles y sencillas, siendo pr\u00e1cticamente verdaderos apartamentos al disponer de una gran terraza, un c\u00f3modo y amplio ba\u00f1o y una peque\u00f1a cocina.<\/p>\n\n<p style=\"text-align: justify;\">La atenci\u00f3n permanente a sus servicios, calidad de sus comidas, su econom\u00eda y sobre todo a la atenci\u00f3n de los profesionales de la empresa&nbsp;<a href=\"http:\/\/www.residenciaslacasagrande.es\" target=\"_blank\" rel=\"noreferrer noopener\">Residencia de Mayores La Casa Grande de Baena S.L<\/a>. que tan acertadamente explotan y dirigen esta Residencia.<\/p>\n\n<p style=\"text-align: justify;\">Su ubicaci\u00f3n; en pleno casco urbano, su proximidad al hermoso parque municipal.<\/p>\n\n<p style=\"text-align: justify;\">Sus grandes y diferentes salas y anexos todos con aire acondicionado y con suelo radiante en los dormitorios y ba\u00f1os.<\/p>\n\n<p style=\"text-align: justify;\">Nuestra residencia da un paso m\u00e1s hacia el bienestar sostenible. Hemos recibido una <strong>ayuda de la Uni\u00f3n Europea con cargo al Fondo NextGenerationEU<\/strong>, en el marco del <strong>Plan de Recuperaci\u00f3n, Transformaci\u00f3n y Resiliencia<\/strong>, para la <strong>instalaci\u00f3n fotovoltaica de autoconsumo de 80\u202fkW<\/strong>, basada en <strong>fuentes de energ\u00eda renovables.<\/strong> <\/p>\n\n<p style=\"text-align: justify;\">Esta actuaci\u00f3n se completa con la <strong>implantaci\u00f3n de sistemas t\u00e9rmicos renovables<\/strong> en el sector residencial, gracias al apoyo del <strong>Ministerio para la Transici\u00f3n Ecol\u00f3gica y el Reto Demogr\u00e1fico<\/strong>, y ha sido gestionada por la <strong>Junta de Andaluc\u00eda<\/strong> a trav\u00e9s de la <strong>Agencia Andaluza de la Energ\u00eda<\/strong>.<\/p>\n\n<p style=\"text-align: justify;\">Con ello, no solo cuidamos de nuestros mayores, sino tambi\u00e9n del planeta. Porque aqu\u00ed, l<strong>a eficiencia energ\u00e9tica, el confort y el respeto por el entorno<\/strong> son parte de nuestro compromiso diario.<\/p>\n\n\n<p><\/p>\n","protected":false},"excerpt":{"rendered":"<p>Residencia de Mayores \u00abLa Casa Grande\u00bb Inaugurada en Marzo de 2.006, esta considerada como una de las m\u00e1s completas y lujosas de las Residencias Geri\u00e1tricas de la provincia de C\u00f3rdoba. Situada en el centro geogr\u00e1fico de Andaluc\u00eda en plena ruta del Califato entre C\u00f3rdoba y Granada. A los seis meses de su apertura, se han [&hellip;]<\/p>\n","protected":false},"author":1,"featured_media":49,"parent":0,"menu_order":0,"comment_status":"closed","ping_status":"closed","template":"","meta":{"footnotes":""},"class_list":["post-12","page","type-page","status-publish","has-post-thumbnail","hentry"],"_links":{"self":[{"href":"http:\/\/roaprocoinsa.es\/index.php\/wp-json\/wp\/v2\/pages\/12","targetHints":{"allow":["GET"]}}],"collection":[{"href":"http:\/\/roaprocoinsa.es\/index.php\/wp-json\/wp\/v2\/pages"}],"about":[{"href":"http:\/\/roaprocoinsa.es\/index.php\/wp-json\/wp\/v2\/types\/page"}],"author":[{"embeddable":true,"href":"http:\/\/roaprocoinsa.es\/index.php\/wp-json\/wp\/v2\/users\/1"}],"replies":[{"embeddable":true,"href":"http:\/\/roaprocoinsa.es\/index.php\/wp-json\/wp\/v2\/comments?post=12"}],"version-history":[{"count":18,"href":"http:\/\/roaprocoinsa.es\/index.php\/wp-json\/wp\/v2\/pages\/12\/revisions"}],"predecessor-version":[{"id":90,"href":"http:\/\/roaprocoinsa.es\/index.php\/wp-json\/wp\/v2\/pages\/12\/revisions\/90"}],"wp:featuredmedia":[{"embeddable":true,"href":"http:\/\/roaprocoinsa.es\/index.php\/wp-json\/wp\/v2\/media\/49"}],"wp:attachment":[{"href":"http:\/\/roaprocoinsa.es\/index.php\/wp-json\/wp\/v2\/media?parent=12"}],"curies":[{"name":"wp","href":"https:\/\/api.w.org\/{rel}","templated":true}]}}